{"id":94,"date":"2013-10-30T23:18:15","date_gmt":"2013-10-30T22:18:15","guid":{"rendered":"http:\/\/grimmingsicht.at\/?page_id=94"},"modified":"2024-08-05T16:27:53","modified_gmt":"2024-08-05T14:27:53","slug":"preise","status":"publish","type":"page","link":"https:\/\/grimmingsicht.at\/en\/preise\/","title":{"rendered":"Preise und Stornobedingungen"},"content":{"rendered":"<p>\n<table id=\"tablepress-1-no-3\" class=\"tablepress tablepress-id-1\" aria-describedby=\"tablepress-1-no-3-description\">\n<thead>\n<tr class=\"row-1\">\n\t<th class=\"column-1\"><strong>Camping<\/strong><\/th><th class=\"column-2\"><strong>Sommer 2026<br \/>\n16.04.2026 - 15.10.2026<\/strong><\/th><th class=\"column-3\"><strong>Winter 2025\/2026<br \/>\n16.10.2025 - 15.04.2026<\/strong><\/th>\n<\/tr>\n<\/thead>\n<tbody>\n<tr class=\"row-2\">\n\t<td class=\"column-1\"><p style=\"text-align: center;\"><strong>--Preise Hauptsaison--<strong><br \/>\n<br \/>\n<\/td><td class=\"column-2\"><\/td><td class=\"column-3\"><\/td>\n<\/tr>\n<tr class=\"row-3\">\n\t<td class=\"column-1\"><\/td><td class=\"column-2\">Euro<\/td><td class=\"column-3\">Euro<\/td>\n<\/tr>\n<tr class=\"row-4\">\n\t<td class=\"column-1\">Platz*<\/td><td class=\"column-2\">8,00<\/td><td class=\"column-3\">8,00<\/td>\n<\/tr>\n<tr class=\"row-5\">\n\t<td class=\"column-1\">1 Erwachsene Person<\/td><td class=\"column-2\">8,65<\/td><td class=\"column-3\">9,50<\/td>\n<\/tr>\n<tr class=\"row-6\">\n\t<td class=\"column-1\">1 Kind (von 3 - 15 Jahren)<\/td><td class=\"column-2\">6,50<\/td><td class=\"column-3\">7,35<\/td>\n<\/tr>\n<tr class=\"row-7\">\n\t<td class=\"column-1\">Strom Anschlu\u00dfgeb\u00fchr einmalig<\/td><td class=\"column-2\">0,80<\/td><td class=\"column-3\">0,80<\/td>\n<\/tr>\n<tr class=\"row-8\">\n\t<td class=\"column-1\">1 KW Strom<\/td><td class=\"column-2\">0,90<\/td><td class=\"column-3\">0,90<\/td>\n<\/tr>\n<tr class=\"row-9\">\n\t<td class=\"column-1\">Gas Anschlu\u00dfgeb\u00fchr einmalig<\/td><td class=\"column-2\"><\/td><td class=\"column-3\">10,00<\/td>\n<\/tr>\n<tr class=\"row-10\">\n\t<td class=\"column-1\">Gas - Pauschale Pro Tag<\/td><td class=\"column-2\"><\/td><td class=\"column-3\">11,25<\/td>\n<\/tr>\n<tr class=\"row-11\">\n\t<td class=\"column-1\">Kurtaxe\/N\u00e4chtigungsgeb\u00fchr Campingg\u00e4ste  (Gemeinde Abgabe ab 15 Jahre)<\/td><td class=\"column-2\">3,00<\/td><td class=\"column-3\">3,00<\/td>\n<\/tr>\n<tr class=\"row-12\">\n\t<td class=\"column-1\">M\u00fcllgeb\u00fchr<\/td><td class=\"column-2\">0,40<\/td><td class=\"column-3\">0,40<\/td>\n<\/tr>\n<tr class=\"row-13\">\n\t<td class=\"column-1\">Ben\u00fctzung Waschmaschine<\/td><td class=\"column-2\">4,75<\/td><td class=\"column-3\">4,75<\/td>\n<\/tr>\n<tr class=\"row-14\">\n\t<td class=\"column-1\">Ben\u00fctzung Trockner<\/td><td class=\"column-2\">4,75<\/td><td class=\"column-3\">4,75<\/td>\n<\/tr>\n<tr class=\"row-15\">\n\t<td class=\"column-1\"><strong>Wintersaison Dauercamper 15.10. bis 15.04. <\/strong><\/td><td class=\"column-2\"><\/td><td class=\"column-3\"><\/td>\n<\/tr>\n<tr class=\"row-16\">\n\t<td class=\"column-1\"><p style=\"text-align: center;\"><strong>--Preise Nebensaison--<strong><\/td><td class=\"column-2\"><\/td><td class=\"column-3\"><\/td>\n<\/tr>\n<tr class=\"row-17\">\n\t<td class=\"column-1\">Nebensaisonpauschal Stellplatz, 2 Pers, Strom (max 4Kw p\/T) <br \/>\nG\u00fcltig von 01.04.2025 bis 15.04.2025, von 25.04. 2025 bis 09.05.2025 und von 16.10.2025 bis 03.11.2025<br \/>\nExkl. Kurtaxe und M\u00fcllgeb\u00fchr. Mehrverbrauch Strom wird verrechnet.<\/td><td class=\"column-2\">27,00<\/td><td class=\"column-3\">28,50<br \/>\n<br \/>\n<br \/>\n<\/td>\n<\/tr>\n<tr class=\"row-18\">\n\t<td class=\"column-1\">Camping Key Europe Nebensaisonpauschal Stellplatz, 2 Pers, Strom (max. 4Kw p\/T) und M\u00fcllgeb\u00fchr.<br \/>\nG\u00fcltig von 01.04.2025 bis 15.04.2025, von 25.04.2025 bis 09.05.2025 und von 16.10.2025 bis 03.11.2025 exkl. Kurtaxe. Mehrverbrauch Strom wird verrechnet.<\/td><td class=\"column-2\">27,00<\/td><td class=\"column-3\">28,50<br \/>\n<\/td>\n<\/tr>\n<tr class=\"row-19\">\n\t<td class=\"column-1\"><strong>* Leider sind unsere Pl\u00e4tze nicht geeignet f\u00fcr Wohnmobile und Wohnwagen (inkl. Deichsel) \u00fcber 8 Meter. <\/td><td class=\"column-2\"><\/td><td class=\"column-3\"><\/td>\n<\/tr>\n<\/tbody>\n<\/table>\n<span id=\"tablepress-1-no-3-description\" class=\"tablepress-table-description tablepress-table-description-id-1\">F\u00fcr den Besuch Verrechnen wir \u20ac 0,75 p.P.p.T (G\u00e4ste m\u00fcssen sich bei Ankunft melden und abrechnen bei der Rezeption und der Gast ist verantwortlich f\u00fcr seinen Besuch!)<br \/>\nPreise sind inklusive warmes und kaltes Wasser - Wir haben keine Dusche M\u00fcnzen!<br \/>\nIhre Haustiere verbleiben bei uns kostenlos! In unsere Mietanlagen sind Haustieren leider nicht gestattet.<\/span>\n<!-- #tablepress-1-no-3 from cache --><\/span><\/p>\r\n<p><span style=\"color: #ff0000;\">\n<table id=\"tablepress-2-no-3\" class=\"tablepress tablepress-id-2\">\n<thead>\n<tr class=\"row-1\">\n\t<th class=\"column-1\"><strong>Appartement<\/strong><\/th><th class=\"column-2\"><strong>Sommer 2026<br \/>\n16.04 bis 15.10<\/strong><\/th><th class=\"column-3\"><strong>Winter 2025\/2026<br \/>\n16.10 - 15.04.<\/strong><\/th>\n<\/tr>\n<\/thead>\n<tbody>\n<tr class=\"row-2\">\n\t<td class=\"column-1\"><\/td><td class=\"column-2\">EURO<\/td><td class=\"column-3\">EURO<\/td>\n<\/tr>\n<tr class=\"row-3\">\n\t<td class=\"column-1\"><strong>Appartment max. 6 Personen,   3  Doppelbettzimmer<\/strong>, <strong>Preis pro Woche<strong><\/td><td class=\"column-2\">820,00<\/td><td class=\"column-3\">950,00<\/td>\n<\/tr>\n<tr class=\"row-4\">\n\t<td class=\"column-1\"><strong>Appartment max. 8 Personen , 4 Doppelbettzimmer<\/strong>, <strong>Preis pro Woche<strong><\/td><td class=\"column-2\">1030,00<\/td><td class=\"column-3\">1170,00<\/td>\n<\/tr>\n<tr class=\"row-5\">\n\t<td class=\"column-1\">Exkl. Kurtaxe\/N\u00e4chtigungsgeb\u00fchr<br \/>\n (\u20ac 3,50 p.P.p.N. ab 15 Jahre)<\/td><td class=\"column-2\"><\/td><td class=\"column-3\"><\/td>\n<\/tr>\n<tr class=\"row-6\">\n\t<td class=\"column-1\">Endreinigung<\/td><td class=\"column-2\">60,00<\/td><td class=\"column-3\">60,00<\/td>\n<\/tr>\n<\/tbody>\n<\/table>\n<!-- #tablepress-2-no-3 from cache --><\/span><\/p>\r\n<p><span style=\"color: #ff0000;\">[table \u201c3\u201d not found \/]<br \/>\n<\/span><\/p>\r\n<p><span style=\"color: #ff0000;\">\n<table id=\"tablepress-4-no-3\" class=\"tablepress tablepress-id-4\" aria-describedby=\"tablepress-4-no-3-description\">\n<thead>\n<tr class=\"row-1\">\n\t<th class=\"column-1\"><strong>Mietwohnwagen<\/strong><\/th><th class=\"column-2\"><strong>Sommer 2026<br \/>\n16.04. - 15.10<\/strong><\/th><th class=\"column-3\"><strong>Winter 2025\/2026<br \/>\n16.10. - 15.04.<\/strong><\/th>\n<\/tr>\n<\/thead>\n<tbody class=\"row-striping\">\n<tr class=\"row-2\">\n\t<td class=\"column-1\"><\/td><td class=\"column-2\">EURO<\/td><td class=\"column-3\">EURO<\/td>\n<\/tr>\n<tr class=\"row-3\">\n\t<td class=\"column-1\">Mietwohnwagen bis 5 Personen (max. 4 Erwachsene) - Wochenpreis (7 N\u00e4chte)<br \/>\nExkl. Kurtaxe\/N\u00e4chtigungsgeb\u00fchr &amp; M\u00fcllgeb\u00fchr. Inkl. Strom.<\/td><td class=\"column-2\">490,00<br \/>\n<\/td><td class=\"column-3\">585,00<\/td>\n<\/tr>\n<tr class=\"row-4\">\n\t<td class=\"column-1\"><\/td><td class=\"column-2\"><\/td><td class=\"column-3\"><\/td>\n<\/tr>\n<tr class=\"row-5\">\n\t<td class=\"column-1\">Endreinigung<\/td><td class=\"column-2\">35,00<\/td><td class=\"column-3\">35,00<\/td>\n<\/tr>\n<tr class=\"row-6\">\n\t<td class=\"column-1\">Kurtaxe\/N\u00e4chtigungsgeb\u00fchr \u20ac 3,00 p.P.p.N. ab 15 Jahre<br \/>\nM\u00fcllgeb\u00fchr \u20ac 0,40 p.P.p.N.<\/td><td class=\"column-2\"><\/td><td class=\"column-3\"><\/td>\n<\/tr>\n<\/tbody>\n<\/table>\n<span id=\"tablepress-4-no-3-description\" class=\"tablepress-table-description tablepress-table-description-id-4\">Unsere Appartement und Mietwohnwagen sind Rauchfrei und Haustiere sind in unsere Mieteinrichtungen leider nicht erlaubt! (Am Campingplatz sind Haustiere herzlich Willkommen)<br \/>\nPreis\u00e4nderungen vorbehalten! <\/span>\n<!-- #tablepress-4-no-3 from cache --><\/span><\/p>\r\n\r\n\r\n<p><\/p>\r\n\r\n\r\n\r\n<h2 class=\"wp-block-heading\" id=\"stornobedingungen\"><strong>Stornobedingungen<\/strong><\/h2>\r\n\r\n\r\n\r\n<p>Bitte beachten Sie, dass eine Reservierung verbindlich ist. Indem Sie ein Platz oder Mieteinrichtung bei uns reservieren akzeptieren Sie, und Stimmen Sie ein mit unsere Storno Bedingungen.<\/p>\r\n\r\n\r\n\r\n<p>Stornierungen werden ausschlie\u00dflich schriftlich per E-Mail angenommen. <a href=\"mailto:camping@grimmingsicht.at\">camping@grimmingsicht.at<\/a><br>Eine Absage bis 10 Tagen vor Anreise ist kostenlos.<\/p>\r\n\r\n\r\n\r\n<p>Die Stornogeb\u00fchr betr\u00e4gt bei 9 bis 2 Tage vor Anreise 20%, 1 Tag vor Anreise 50% und  beim Absage am Anreisetag oder Nichterscheinen 100% des Gesamtpreises des Aufenthalts (ausgenommen Kurtaxe und M\u00fcllgeb\u00fchr)                                                        mit ein mindestens Betrag von \u20ac 10,00.<\/p>\r\n\r\n\r\n\r\n<p>Diese Stornobedingungen gelten auch wenn der Reservierung storniert wird wegen, bei der Reservierung schon bekannte Corona Ma\u00dfnahmen.<br>Wenn der Reservierung storniert werden muss wegen neue Corona Regeln wie Einreise Einschr\u00e4nkungen, Grenzschlie\u00dfungen oder ein Lockdown, die erst nach der Reservierungsbest\u00e4tigung bekannt gegeben werden, dann ist der Stornierung selbstverst\u00e4ndlich kostenlos.                                                                                      Eventuelle \u00c4nderungen wie Impfpflicht, zus\u00e4tzliche Testpflicht usw. sind von diese Ausnahme ausgeschlossen.&nbsp;&nbsp;&nbsp;&nbsp;&nbsp;&nbsp;&nbsp;&nbsp;&nbsp;&nbsp;<\/p>\r\n\r\n\r\n\r\n<p>Vorzeitige Abreise<br>Falls Sie aus gewissen Gr\u00fcnden vorzeitig abreisen m\u00f6chten ist f\u00fcr die restliche N\u00e4chte, wie vereinbart in der Reservierung, ein Geb\u00fchr von \u20ac 15,00 pro Nacht zu zahlen.<\/p>\r\n\r\n\r\n\r\n<p>Nach vorzeitigen Abreise wird Ihr Stellplatz wieder an andere G\u00e4ste vergeben.<\/p>\r\n\r\n\r\n\r\n<p><\/p>\r\n\r\n\r\n\r\n<p class=\"has-large-font-size\"><strong>Annuleringsvoorwaarden<\/strong><\/p>\r\n\r\n\r\n\r\n<p>Voor reserveringen gelden bij ons de volgende annuleringsvoorwaarden:<br>Annulering tot 10 dagen voor aankomst is kostenloos.<br>Annuleringskosten bij 9 tot 2 dagen voor aankomst 20%, 1 dag voor<br>aankomst 50% en bij niet verschijnen wordt er 100% van de totaalprijs<br>verrekend (exclusief toeristenbelasting en milieuheffing) met een minimum<br>van \u20ac 10,00.<\/p>\r\n\r\n\r\n\r\n<p>Deze annuleringsvoorwaarden gelden ook als de reservering geannuleerd<br>wordt vanwege Corona regels die bij de reservering al bekend waren.<br>Wanneer de reservering wegens inreisverbod of een lockdown geannuleerd<br>moet worden is dat natuurlijk kostenloos.<br>Vaccinatieverplichtingen, extra testverplichtingen, afzegging ivm<br>positieve test, ziekte enz. vallen niet onder de kostenlose annuleringsmogelijkheid.<br><br>Reserveringen en annuleringen worden uitsluitend schriftelijk aangenomen.<\/p>\r\n\r\n\r\n\r\n<p>Voortijdig vertrek:<\/p>\r\n\r\n\r\n\r\n<p>Als u om bepaalde redenen voortijdig vertrekken wilt is voor de restererende nachten, zoals in de reservering afgesproken, een bedrag van \u20ac 15,00 per nacht te betalen. Als u uw plaats na 11.00 uur verlaat wordt voor deze dag het volledige tarief verrekend.<\/p>\r\n\r\n\r\n\r\n<p><br>Na voortijdig vertrek wordt de plaats aan andere gasten vergeven.<\/p>\r\n\r\n\r\n\r\n<p><\/p>\r\n\r\n\r\n\r\n<p class=\"has-large-font-size\"><strong><sup>Cancellation terms and conditions<\/sup><\/strong><\/p>\r\n\r\n\r\n\r\n<p>Please notice that reservations are binding. With a reservation you accept and understand our cancellation terms and conditions. Cancellations can only be made by an e-mail.     Camping@grimmingsicht.at<\/p>\r\n\r\n\r\n\r\n<p>Cancellation up to 10 days prior to arrival is free.  The following fee will be charged: for a cancellation from 9 to 2 days prior to arrival 20%, 1 day prior to arrival 50% and for no-show we will charge 100% of the total amount (excl. Kurtaxe and m\u00fcllgeb\u00fchr).<\/p>\r\n\r\n\r\n\r\n<p>These terms and conditions also apply to a cancellation made because of the corona rules as known at date of booking.  If the booking must be cancelled because of new regulations made after the booking confirmation then of course the cancellation is free. Changes as a vaccination obligation, additional testobligation, etc. are ruled out of this exception.<\/p>\r\n\r\n\r\n\r\n<p>Unused services:<\/p>\r\n\r\n\r\n\r\n<p>In case of a shortened stay (earlier departure then in the booking confirmation) we will charge you a fee of \u20ac 15,00 per night. If you leave the place later then 11.00 a.m. we will charge you the full fee.<\/p>\r\n\r\n\r\n\r\n<p><\/p>","protected":false},"excerpt":{"rendered":"<p>Stornobedingungen Bitte beachten Sie, dass eine Reservierung verbindlich ist. Indem Sie ein Platz oder Mieteinrichtung bei uns reservieren akzeptieren Sie, und Stimmen Sie ein mit unsere Storno Bedingungen. Stornierungen werden ausschlie\u00dflich schriftlich per E-Mail angenommen. camping@grimmingsicht.atEine Absage bis 10 Tagen vor Anreise ist kostenlos. Die Stornogeb\u00fchr betr\u00e4gt bei 9 bis 2 Tage vor Anreise 20%, 1 Tag vor Anreise 50% und beim Absage am Anreisetag oder Nichterscheinen 100% des Gesamtpreises des Aufenthalts (ausgenommen Kurtaxe und M\u00fcllgeb\u00fchr) mit ein mindestens Betrag von \u20ac 10,00. Diese Stornobedingungen gelten auch wenn der Reservierung storniert wird wegen, bei der Reservierung schon bekannte Corona Ma\u00dfnahmen.Wenn der Reservierung storniert werden muss wegen neue Corona Regeln wie Einreise Einschr\u00e4nkungen, Grenzschlie\u00dfungen oder ein Lockdown, die erst nach der Reservierungsbest\u00e4tigung bekannt gegeben werden, dann ist der Stornierung selbstverst\u00e4ndlich kostenlos. Eventuelle \u00c4nderungen wie Impfpflicht, zus\u00e4tzliche Testpflicht usw. sind von diese Ausnahme ausgeschlossen.&nbsp;&nbsp;&nbsp;&nbsp;&nbsp;&nbsp;&nbsp;&nbsp;&nbsp;&nbsp; Vorzeitige AbreiseFalls Sie aus gewissen Gr\u00fcnden vorzeitig abreisen m\u00f6chten ist f\u00fcr die restliche N\u00e4chte, wie vereinbart in der Reservierung, ein Geb\u00fchr von \u20ac 15,00 pro Nacht zu zahlen. Nach vorzeitigen Abreise wird Ihr Stellplatz wieder an andere G\u00e4ste vergeben. Annuleringsvoorwaarden Voor reserveringen gelden bij ons de volgende annuleringsvoorwaarden:Annulering tot 10 dagen voor aankomst is kostenloos.Annuleringskosten bij 9 tot [&hellip;]<\/p>\n","protected":false},"author":2,"featured_media":0,"parent":0,"menu_order":6,"comment_status":"closed","ping_status":"closed","template":"","meta":{"footnotes":""},"class_list":["post-94","page","type-page","status-publish","hentry"],"_links":{"self":[{"href":"https:\/\/grimmingsicht.at\/en\/wp-json\/wp\/v2\/pages\/94","targetHints":{"allow":["GET"]}}],"collection":[{"href":"https:\/\/grimmingsicht.at\/en\/wp-json\/wp\/v2\/pages"}],"about":[{"href":"https:\/\/grimmingsicht.at\/en\/wp-json\/wp\/v2\/types\/page"}],"author":[{"embeddable":true,"href":"https:\/\/grimmingsicht.at\/en\/wp-json\/wp\/v2\/users\/2"}],"replies":[{"embeddable":true,"href":"https:\/\/grimmingsicht.at\/en\/wp-json\/wp\/v2\/comments?post=94"}],"version-history":[{"count":28,"href":"https:\/\/grimmingsicht.at\/en\/wp-json\/wp\/v2\/pages\/94\/revisions"}],"predecessor-version":[{"id":1697,"href":"https:\/\/grimmingsicht.at\/en\/wp-json\/wp\/v2\/pages\/94\/revisions\/1697"}],"wp:attachment":[{"href":"https:\/\/grimmingsicht.at\/en\/wp-json\/wp\/v2\/media?parent=94"}],"curies":[{"name":"wp","href":"https:\/\/api.w.org\/{rel}","templated":true}]}}