{"id":54,"date":"2013-10-30T21:11:14","date_gmt":"2013-10-30T20:11:14","guid":{"rendered":"http:\/\/grimmingsicht.at\/?page_id=54"},"modified":"2021-06-09T15:05:01","modified_gmt":"2021-06-09T13:05:01","slug":"camping-winter","status":"publish","type":"page","link":"https:\/\/grimmingsicht.at\/nl\/camping-winter\/","title":{"rendered":"Camping Winter"},"content":{"rendered":"<p><a href=\"https:\/\/grimmingsicht.at\/wp-content\/uploads\/2013\/10\/12.jpg\"><img loading=\"lazy\" decoding=\"async\" class=\"alignnone size-medium wp-image-59\" src=\"https:\/\/grimmingsicht.at\/wp-content\/uploads\/2013\/10\/12-300x225.jpg\" alt=\"Campingplatz Winter\" width=\"140\" height=\"105\" srcset=\"https:\/\/grimmingsicht.at\/wp-content\/uploads\/2013\/10\/12-300x225.jpg 300w, https:\/\/grimmingsicht.at\/wp-content\/uploads\/2013\/10\/12-1024x768.jpg 1024w, https:\/\/grimmingsicht.at\/wp-content\/uploads\/2013\/10\/12.jpg 1229w\" sizes=\"auto, (max-width: 140px) 100vw, 140px\" \/><\/a> <a href=\"https:\/\/grimmingsicht.at\/wp-content\/uploads\/2013\/10\/22.jpg\"><img loading=\"lazy\" decoding=\"async\" class=\"alignnone size-medium wp-image-60\" src=\"https:\/\/grimmingsicht.at\/wp-content\/uploads\/2013\/10\/22-225x300.jpg\" alt=\"Bad Mitterndorf Winter\" width=\"79\" height=\"105\" srcset=\"https:\/\/grimmingsicht.at\/wp-content\/uploads\/2013\/10\/22-225x300.jpg 225w, https:\/\/grimmingsicht.at\/wp-content\/uploads\/2013\/10\/22-768x1024.jpg 768w, https:\/\/grimmingsicht.at\/wp-content\/uploads\/2013\/10\/22.jpg 922w\" sizes=\"auto, (max-width: 79px) 100vw, 79px\" \/><\/a> <a href=\"https:\/\/grimmingsicht.at\/wp-content\/uploads\/2013\/10\/32.jpg\"><img loading=\"lazy\" decoding=\"async\" class=\"alignnone size-medium wp-image-61\" src=\"https:\/\/grimmingsicht.at\/wp-content\/uploads\/2013\/10\/32-300x224.jpg\" alt=\"Campingplatz Winter\" width=\"141\" height=\"105\" srcset=\"https:\/\/grimmingsicht.at\/wp-content\/uploads\/2013\/10\/32-300x224.jpg 300w, https:\/\/grimmingsicht.at\/wp-content\/uploads\/2013\/10\/32.jpg 307w\" sizes=\"auto, (max-width: 141px) 100vw, 141px\" \/><\/a> <a href=\"https:\/\/grimmingsicht.at\/wp-content\/uploads\/2013\/10\/42.jpg\"><img loading=\"lazy\" decoding=\"async\" class=\"alignnone size-medium wp-image-62\" src=\"https:\/\/grimmingsicht.at\/wp-content\/uploads\/2013\/10\/42-300x199.jpg\" alt=\"Skifahren Tauplitzalm\" width=\"159\" height=\"105\" srcset=\"https:\/\/grimmingsicht.at\/wp-content\/uploads\/2013\/10\/42-300x199.jpg 300w, https:\/\/grimmingsicht.at\/wp-content\/uploads\/2013\/10\/42.jpg 1010w\" sizes=\"auto, (max-width: 159px) 100vw, 159px\" \/><\/a> <a href=\"https:\/\/grimmingsicht.at\/wp-content\/uploads\/2013\/10\/52.jpg\"><img loading=\"lazy\" decoding=\"async\" class=\"alignnone size-full wp-image-63\" src=\"https:\/\/grimmingsicht.at\/wp-content\/uploads\/2013\/10\/52.jpg\" alt=\"Steiermarkherz verschneit\" width=\"140\" height=\"105\" \/><\/a> Door ons centraal gasleidingssysteem wordt winterkamperen een waar genoegen! In de winter is de camping een ideaal startpunt voor zowel wandelingen op geruimde wandelpaden als voor de langlaufers vanwege de direkte aansluiting op de loipes van het langlaufparadijs \u201eSteirisches Salzkammergut\u201c (behoort tot de grootste van Europa). Het brede, nevelvrije dal rondom Bad Mitterndorf biedt de langlaufers een aaneengesloten loipennet van meer dan 95 kilometer. <a href=\"https:\/\/grimmingsicht.at\/wp-content\/uploads\/2013\/10\/72.jpg\"><img loading=\"lazy\" decoding=\"async\" class=\"alignright size-medium wp-image-58\" style=\"margin-left: 10px; margin-right: 50px;\" src=\"https:\/\/grimmingsicht.at\/wp-content\/uploads\/2013\/10\/72-300x199.jpg\" alt=\"Langlauf Salzkammergutloipe\" width=\"300\" height=\"199\" srcset=\"https:\/\/grimmingsicht.at\/wp-content\/uploads\/2013\/10\/72-300x199.jpg 300w, https:\/\/grimmingsicht.at\/wp-content\/uploads\/2013\/10\/72-1024x679.jpg 1024w, https:\/\/grimmingsicht.at\/wp-content\/uploads\/2013\/10\/72.jpg 1220w\" sizes=\"auto, (max-width: 300px) 100vw, 300px\" \/><\/a> Voor ski- en snowboardfans ligt het wintersportgebied de Tauplitz vlakbij. Het sneeuwzekere skigebied is met de skibus makkelijk te bereiken en biedt 4o kilometer pistes voor de hele familie .<\/p>\n<div style=\"clear: both;\">\n<\/div>\n<p><a href=\"https:\/\/grimmingsicht.at\/wp-content\/uploads\/2013\/10\/62.jpg\"><img loading=\"lazy\" decoding=\"async\" class=\"alignleft size-full wp-image-57\" src=\"https:\/\/grimmingsicht.at\/wp-content\/uploads\/2013\/10\/62.jpg\" alt=\"Sonnenuntergang Winter\" width=\"256\" height=\"171\" \/><\/a> Maar ook voor niet langlaufer en ski\u00ebr zijn er meer dan genoeg mogelijkheden om de winter te genieten. Paardensleeritten, bijvoorbeeld naar \u00e9\u00e9n van de gezellige hutten in onze omgeving, sneeuwschoenwandelen, winterwandelen, schaatsen. Het behoort bij ons allemaal tot de mogelijkheden. \u00a0 .<\/p>\n<p><\/p>","protected":false},"excerpt":{"rendered":"<p>Door ons centraal gasleidingssysteem wordt winterkamperen een waar genoegen! In de winter is de camping een ideaal startpunt voor zowel wandelingen op geruimde wandelpaden als voor de langlaufers vanwege de direkte aansluiting op de loipes van het langlaufparadijs \u201eSteirisches Salzkammergut\u201c (behoort tot de grootste van Europa). Het brede, nevelvrije dal rondom Bad Mitterndorf biedt de langlaufers een aaneengesloten loipennet van meer dan 95 kilometer. Voor ski- en snowboardfans ligt het wintersportgebied de Tauplitz vlakbij. Het sneeuwzekere skigebied is met de skibus makkelijk te bereiken en biedt 4o kilometer pistes voor de hele familie . Maar ook voor niet langlaufer en ski\u00ebr zijn er meer dan genoeg mogelijkheden om de winter te genieten. Paardensleeritten, bijvoorbeeld naar \u00e9\u00e9n van de gezellige hutten in onze omgeving, sneeuwschoenwandelen, winterwandelen, schaatsen. Het behoort bij ons allemaal tot de mogelijkheden. \u00a0 .<\/p>\n","protected":false},"author":2,"featured_media":0,"parent":0,"menu_order":3,"comment_status":"closed","ping_status":"closed","template":"","meta":{"footnotes":""},"class_list":["post-54","page","type-page","status-publish","hentry"],"_links":{"self":[{"href":"https:\/\/grimmingsicht.at\/nl\/wp-json\/wp\/v2\/pages\/54","targetHints":{"allow":["GET"]}}],"collection":[{"href":"https:\/\/grimmingsicht.at\/nl\/wp-json\/wp\/v2\/pages"}],"about":[{"href":"https:\/\/grimmingsicht.at\/nl\/wp-json\/wp\/v2\/types\/page"}],"author":[{"embeddable":true,"href":"https:\/\/grimmingsicht.at\/nl\/wp-json\/wp\/v2\/users\/2"}],"replies":[{"embeddable":true,"href":"https:\/\/grimmingsicht.at\/nl\/wp-json\/wp\/v2\/comments?post=54"}],"version-history":[{"count":8,"href":"https:\/\/grimmingsicht.at\/nl\/wp-json\/wp\/v2\/pages\/54\/revisions"}],"predecessor-version":[{"id":357,"href":"https:\/\/grimmingsicht.at\/nl\/wp-json\/wp\/v2\/pages\/54\/revisions\/357"}],"wp:attachment":[{"href":"https:\/\/grimmingsicht.at\/nl\/wp-json\/wp\/v2\/media?parent=54"}],"curies":[{"name":"wp","href":"https:\/\/api.w.org\/{rel}","templated":true}]}}