{"id":69,"date":"2013-10-30T22:00:44","date_gmt":"2013-10-30T21:00:44","guid":{"rendered":"http:\/\/grimmingsicht.at\/?page_id=69"},"modified":"2023-04-16T12:29:05","modified_gmt":"2023-04-16T10:29:05","slug":"pension","status":"publish","type":"page","link":"https:\/\/grimmingsicht.at\/nl\/pension\/","title":{"rendered":"Appartement"},"content":{"rendered":"<p><a href=\"https:\/\/grimmingsicht.at\/wp-content\/uploads\/2013\/10\/13.jpg\"><img loading=\"lazy\" decoding=\"async\" class=\"alignnone size-medium wp-image-74\" src=\"https:\/\/grimmingsicht.at\/wp-content\/uploads\/2013\/10\/13-300x225.jpg\" alt=\"Pension\" width=\"140\" height=\"105\" srcset=\"https:\/\/grimmingsicht.at\/wp-content\/uploads\/2013\/10\/13-300x225.jpg 300w, https:\/\/grimmingsicht.at\/wp-content\/uploads\/2013\/10\/13-1024x768.jpg 1024w, https:\/\/grimmingsicht.at\/wp-content\/uploads\/2013\/10\/13.jpg 1229w\" sizes=\"auto, (max-width: 140px) 100vw, 140px\" \/><\/a>\u00a0 <a href=\"https:\/\/grimmingsicht.at\/wp-content\/uploads\/2013\/10\/23.jpg\"><img loading=\"lazy\" decoding=\"async\" class=\"alignnone size-medium wp-image-75\" src=\"https:\/\/grimmingsicht.at\/wp-content\/uploads\/2013\/10\/23-225x300.jpg\" alt=\"Zimmer\" width=\"78\" height=\"105\" srcset=\"https:\/\/grimmingsicht.at\/wp-content\/uploads\/2013\/10\/23-225x300.jpg 225w, https:\/\/grimmingsicht.at\/wp-content\/uploads\/2013\/10\/23-768x1024.jpg 768w, https:\/\/grimmingsicht.at\/wp-content\/uploads\/2013\/10\/23.jpg 922w\" sizes=\"auto, (max-width: 78px) 100vw, 78px\" \/><\/a>\u00a0 <a href=\"https:\/\/grimmingsicht.at\/wp-content\/uploads\/2013\/10\/33.jpg\"><img loading=\"lazy\" decoding=\"async\" class=\"alignnone size-medium wp-image-76\" src=\"https:\/\/grimmingsicht.at\/wp-content\/uploads\/2013\/10\/33-300x225.jpg\" alt=\"Sonnenaufgang\" width=\"140\" height=\"105\" srcset=\"https:\/\/grimmingsicht.at\/wp-content\/uploads\/2013\/10\/33-300x225.jpg 300w, https:\/\/grimmingsicht.at\/wp-content\/uploads\/2013\/10\/33-1024x768.jpg 1024w, https:\/\/grimmingsicht.at\/wp-content\/uploads\/2013\/10\/33.jpg 1229w\" sizes=\"auto, (max-width: 140px) 100vw, 140px\" \/><\/a>\u00a0\u00a0<img loading=\"lazy\" decoding=\"async\" class=\" wp-image-615\" style=\"background-color: initial; text-align: center;\" src=\"http:\/\/www.grimmingsicht.at\/wp-content\/uploads\/2016\/05\/pensionfoto1-300x225.jpg\" alt=\"\" width=\"139\" height=\"104\" srcset=\"https:\/\/grimmingsicht.at\/wp-content\/uploads\/2016\/05\/pensionfoto1-300x225.jpg 300w, https:\/\/grimmingsicht.at\/wp-content\/uploads\/2016\/05\/pensionfoto1-768x576.jpg 768w, https:\/\/grimmingsicht.at\/wp-content\/uploads\/2016\/05\/pensionfoto1-1024x768.jpg 1024w\" sizes=\"auto, (max-width: 139px) 100vw, 139px\" \/>\u00a0\u00a0<img loading=\"lazy\" decoding=\"async\" class=\"alignnone wp-image-620\" src=\"http:\/\/www.grimmingsicht.at\/wp-content\/uploads\/2016\/05\/20140819_125032a-300x225.jpg\" alt=\"\" width=\"139\" height=\"104\" srcset=\"https:\/\/grimmingsicht.at\/wp-content\/uploads\/2016\/05\/20140819_125032a-300x225.jpg 300w, https:\/\/grimmingsicht.at\/wp-content\/uploads\/2016\/05\/20140819_125032a-768x576.jpg 768w, https:\/\/grimmingsicht.at\/wp-content\/uploads\/2016\/05\/20140819_125032a-1024x768.jpg 1024w, https:\/\/grimmingsicht.at\/wp-content\/uploads\/2016\/05\/20140819_125032a.jpg 1224w\" sizes=\"auto, (max-width: 139px) 100vw, 139px\" \/><\/p>\n<p>Onze camping beschikt ook over een appartement. Het appartement beschikt over 4 slaapkamers\u00a0 \u00a0 \u00a0 (3 slaapkamers met een twee-persoonsbed en 1 slaapkamer met twee \u00e9\u00e9n-persoonsbedden). Er is \u00e9\u00e9n etage badkamer (op de begane grond zijn voldoende toilet- en douchegelegenheden). Verder is er een woonkeuken met een goed uitgeruste keuken en een televisie en een gezellige woonkamer met televisie met dvd speler. Ons appartement is geschikt voor\u00a0 maximaal 8 personen. Wij verhuren ons appartement alleen voor minimaal 7 nachten.<\/p>\n<p>*Bij ons gelden de \u00d6sterreichischen Hotelvertragsbedingungen.<\/p>\n<p><!--more--><a href=\"https:\/\/grimmingsicht.at\/wp-content\/uploads\/2013\/10\/43.jpg\">\u00a0\u00a0\u00a0\u00a0\u00a0\u00a0<\/a><\/p>\n<p><\/p>","protected":false},"excerpt":{"rendered":"<p>Onze verontschuldigingen, dit bericht is alleen beschikbaar in Deutsch.<\/p>\n","protected":false},"author":2,"featured_media":0,"parent":0,"menu_order":4,"comment_status":"closed","ping_status":"closed","template":"","meta":{"footnotes":""},"class_list":["post-69","page","type-page","status-publish","hentry"],"_links":{"self":[{"href":"https:\/\/grimmingsicht.at\/nl\/wp-json\/wp\/v2\/pages\/69","targetHints":{"allow":["GET"]}}],"collection":[{"href":"https:\/\/grimmingsicht.at\/nl\/wp-json\/wp\/v2\/pages"}],"about":[{"href":"https:\/\/grimmingsicht.at\/nl\/wp-json\/wp\/v2\/types\/page"}],"author":[{"embeddable":true,"href":"https:\/\/grimmingsicht.at\/nl\/wp-json\/wp\/v2\/users\/2"}],"replies":[{"embeddable":true,"href":"https:\/\/grimmingsicht.at\/nl\/wp-json\/wp\/v2\/comments?post=69"}],"version-history":[{"count":41,"href":"https:\/\/grimmingsicht.at\/nl\/wp-json\/wp\/v2\/pages\/69\/revisions"}],"predecessor-version":[{"id":1647,"href":"https:\/\/grimmingsicht.at\/nl\/wp-json\/wp\/v2\/pages\/69\/revisions\/1647"}],"wp:attachment":[{"href":"https:\/\/grimmingsicht.at\/nl\/wp-json\/wp\/v2\/media?parent=69"}],"curies":[{"name":"wp","href":"https:\/\/api.w.org\/{rel}","templated":true}]}}